{"id":5158,"date":"2022-05-16T07:34:44","date_gmt":"2022-05-16T07:34:44","guid":{"rendered":"https:\/\/demo.deezen.gr\/?page_id=5158"},"modified":"2022-11-04T19:42:15","modified_gmt":"2022-11-04T19:42:15","slug":"ekthesiaka-periptera","status":"publish","type":"page","link":"https:\/\/www.deezen.com.de\/en\/ekthesiaka-periptera\/","title":{"rendered":"Exhibition stands"},"content":{"rendered":"<div data-elementor-type=\"wp-page\" data-elementor-id=\"5158\" class=\"elementor elementor-5158\" data-elementor-settings=\"{&quot;ha_cmc_init_switcher&quot;:&quot;no&quot;}\" data-elementor-post-type=\"page\">\n\t\t\t\t\t\t<section class=\"elementor-section elementor-top-section elementor-element elementor-element-2f095d6f elementor-section-content-middle elementor-section-boxed elementor-section-height-default elementor-section-height-default\" data-id=\"2f095d6f\" data-element_type=\"section\" data-settings=\"{&quot;_ha_eqh_enable&quot;:false}\">\n\t\t\t\t\t\t<div class=\"elementor-container elementor-column-gap-extended\">\n\t\t\t\t\t<div class=\"elementor-column elementor-col-50 elementor-top-column elementor-element elementor-element-52ba7320 ot-column-items-top elementor-hidden-mobile ot-flex-column-vertical\" data-id=\"52ba7320\" data-element_type=\"column\">\n\t\t\t<div class=\"elementor-widget-wrap elementor-element-populated\">\n\t\t\t\t\t\t<div class=\"elementor-element elementor-element-4f6c095 elementor-widget elementor-widget-text-editor\" data-id=\"4f6c095\" data-element_type=\"widget\" data-widget_type=\"text-editor.default\">\n\t\t\t\t<div class=\"elementor-widget-container\">\n\t\t\t\t\t\t\t\t\t<p>Services<\/p><h2>Exhibition kiosks<\/h2>\t\t\t\t\t\t\t\t<\/div>\n\t\t\t\t<\/div>\n\t\t\t\t\t<\/div>\n\t\t<\/div>\n\t\t\t\t<div class=\"elementor-column elementor-col-50 elementor-top-column elementor-element elementor-element-329618f ot-flex-column-vertical\" data-id=\"329618f\" data-element_type=\"column\">\n\t\t\t<div class=\"elementor-widget-wrap elementor-element-populated\">\n\t\t\t\t\t\t<div class=\"elementor-element elementor-element-6435285 elementor-widget elementor-widget-text-editor\" data-id=\"6435285\" data-element_type=\"widget\" data-widget_type=\"text-editor.default\">\n\t\t\t\t<div class=\"elementor-widget-container\">\n\t\t\t\t\t\t\t\t\t<p>Our highly knowledgeable team along with the experienced and loyal production engineers designs and creates cost-effective solutions, which are highly influential, having as primary goal your worldwide presence in the exhibition with respect and congruity to your corporate identity.<\/p><p>We create solutions that quickly and effectively arouse the interest of your customers.<\/p><p>We take over the entire planning, design and construction of your exhibition stand for all major trade fairs in Greece and abroad.<\/p>\t\t\t\t\t\t\t\t<\/div>\n\t\t\t\t<\/div>\n\t\t\t\t\t<\/div>\n\t\t<\/div>\n\t\t\t\t\t<\/div>\n\t\t<\/section>\n\t\t\t\t<section class=\"elementor-section elementor-top-section elementor-element elementor-element-76a8129 elementor-section-boxed elementor-section-height-default elementor-section-height-default\" data-id=\"76a8129\" data-element_type=\"section\" data-settings=\"{&quot;_ha_eqh_enable&quot;:false}\">\n\t\t\t\t\t\t<div class=\"elementor-container elementor-column-gap-default\">\n\t\t\t\t\t<div class=\"elementor-column elementor-col-100 elementor-top-column elementor-element elementor-element-e994271 ot-flex-column-vertical\" data-id=\"e994271\" data-element_type=\"column\">\n\t\t\t<div class=\"elementor-widget-wrap elementor-element-populated\">\n\t\t\t\t\t\t<div class=\"elementor-element elementor-element-0b95582 elementor-widget elementor-widget-heading\" data-id=\"0b95582\" data-element_type=\"widget\" data-widget_type=\"heading.default\">\n\t\t\t\t<div class=\"elementor-widget-container\">\n\t\t\t\t\t<h2 class=\"elementor-heading-title elementor-size-default\">Our projects\n<\/h2>\t\t\t\t<\/div>\n\t\t\t\t<\/div>\n\t\t\t\t<div class=\"elementor-element elementor-element-c5f8197 elementor-widget elementor-widget-spacer\" data-id=\"c5f8197\" data-element_type=\"widget\" data-widget_type=\"spacer.default\">\n\t\t\t\t<div class=\"elementor-widget-container\">\n\t\t\t\t\t\t\t<div class=\"elementor-spacer\">\n\t\t\t<div class=\"elementor-spacer-inner\"><\/div>\n\t\t<\/div>\n\t\t\t\t\t\t<\/div>\n\t\t\t\t<\/div>\n\t\t\t\t<div class=\"elementor-element elementor-element-64ec95a elementor-widget elementor-widget-ipfilter_metro\" data-id=\"64ec95a\" data-element_type=\"widget\" data-widget_type=\"ipfilter_metro.default\">\n\t\t\t\t<div class=\"elementor-widget-container\">\n\t\t\t\t\t\n\t\t<div class=\"project-filter-wrapper\">\n\t\t\t\t\t\t\t        <div id=\"projects-grid\" class=\"projects-grid pf_3_cols style-1 img-scale w-auto\" data-load=\"\" data-count=\"26\">\n\t\t\t<div class=\"grid-sizer\"><\/div>\n\t            <div class=\"project-item category-33\">\n\t<div class=\"projects-box\">\n\t\t<div class=\"projects-thumbnail\" data-src=\"https:\/\/www.deezen.com.de\/wp-content\/uploads\/2022\/10\/XANTHIS_POSIDONIA-min-scaled.jpg\" data-sub-html=\"Xanthis &#8211; POSIDONIA\">\n\t\t\t<a href=\"https:\/\/www.deezen.com.de\/en\/portfolio\/xanthis-posidonia\/\">\n\t\t\t\t<img fetchpriority=\"high\" decoding=\"async\" width=\"720\" height=\"720\" src=\"https:\/\/www.deezen.com.de\/wp-content\/uploads\/2022\/10\/XANTHIS_POSIDONIA-min-720x720.jpg\" class=\"attachment-theratio-portfolio-thumbnail-grid size-theratio-portfolio-thumbnail-grid wp-post-image\" alt=\"\" srcset=\"https:\/\/www.deezen.com.de\/wp-content\/uploads\/2022\/10\/XANTHIS_POSIDONIA-min-720x720.jpg 720w, https:\/\/www.deezen.com.de\/wp-content\/uploads\/2022\/10\/XANTHIS_POSIDONIA-min-150x150.jpg 150w\" sizes=\"(max-width: 720px) 100vw, 720px\" \/>\t\t\t<\/a>\n\t\t\t<span class=\"overlay\">\n\t\t\t\t<h5>Xanthis\u2014POSIDONIA<\/h5>\n\t\t\t\t<i class=\"ot-flaticon-add\"><\/i>\n\t\t\t<\/span>\n\t\t<\/div>\n\t\t<div class=\"portfolio-info\">\n\t\t\t<div class=\"portfolio-info-inner\">\n\t\t\t\t<h5><a class=\"title-link\" href=\"https:\/\/www.deezen.com.de\/en\/portfolio\/xanthis-posidonia\/\" data-src=\"https:\/\/www.deezen.com.de\/wp-content\/uploads\/2022\/10\/XANTHIS_POSIDONIA-min-scaled.jpg\" data-sub-html=\"Xanthis &#8211; POSIDONIA\">Xanthis\u2014POSIDONIA<\/a><\/h5>\n\t\t\t\t<p class=\"portfolio-cates\"><a href=\"https:\/\/www.deezen.com.de\/en\/portfolio-category\/ekthesiaka-periptera\/\">EXHIBITION STANDS<\/a><\/p> \n\t\t\t<\/div>\n\t\t\t<a class=\"overlay\" href=\"https:\/\/www.deezen.com.de\/en\/portfolio\/xanthis-posidonia\/\"><\/a>\n\t\t<\/div>\n\t<\/div>\n<\/div><div class=\"project-item category-33\">\n\t<div class=\"projects-box\">\n\t\t<div class=\"projects-thumbnail\" data-src=\"https:\/\/www.deezen.com.de\/wp-content\/uploads\/2022\/10\/VICKERS_POSIDONIA-min-scaled.jpg\" data-sub-html=\"Vickers &#8211; POSIDONIA\">\n\t\t\t<a href=\"https:\/\/www.deezen.com.de\/en\/portfolio\/vickers-posidonia\/\">\n\t\t\t\t<img decoding=\"async\" width=\"720\" height=\"720\" data-src=\"https:\/\/www.deezen.com.de\/wp-content\/uploads\/2022\/10\/VICKERS_POSIDONIA-min-720x720.jpg\" class=\"attachment-theratio-portfolio-thumbnail-grid size-theratio-portfolio-thumbnail-grid wp-post-image lazyload\" alt=\"\" data-srcset=\"https:\/\/www.deezen.com.de\/wp-content\/uploads\/2022\/10\/VICKERS_POSIDONIA-min-720x720.jpg 720w, https:\/\/www.deezen.com.de\/wp-content\/uploads\/2022\/10\/VICKERS_POSIDONIA-min-150x150.jpg 150w\" data-sizes=\"(max-width: 720px) 100vw, 720px\" src=\"data:image\/svg+xml;base64,PHN2ZyB3aWR0aD0iMSIgaGVpZ2h0PSIxIiB4bWxucz0iaHR0cDovL3d3dy53My5vcmcvMjAwMC9zdmciPjwvc3ZnPg==\" style=\"--smush-placeholder-width: 720px; --smush-placeholder-aspect-ratio: 720\/720;\" \/>\t\t\t<\/a>\n\t\t\t<span class=\"overlay\">\n\t\t\t\t<h5>Vickers\u2014POSIDONIA<\/h5>\n\t\t\t\t<i class=\"ot-flaticon-add\"><\/i>\n\t\t\t<\/span>\n\t\t<\/div>\n\t\t<div class=\"portfolio-info\">\n\t\t\t<div class=\"portfolio-info-inner\">\n\t\t\t\t<h5><a class=\"title-link\" href=\"https:\/\/www.deezen.com.de\/en\/portfolio\/vickers-posidonia\/\" data-src=\"https:\/\/www.deezen.com.de\/wp-content\/uploads\/2022\/10\/VICKERS_POSIDONIA-min-scaled.jpg\" data-sub-html=\"Vickers &#8211; POSIDONIA\">Vickers\u2014POSIDONIA<\/a><\/h5>\n\t\t\t\t<p class=\"portfolio-cates\"><a href=\"https:\/\/www.deezen.com.de\/en\/portfolio-category\/ekthesiaka-periptera\/\">EXHIBITION STANDS<\/a><\/p> \n\t\t\t<\/div>\n\t\t\t<a class=\"overlay\" href=\"https:\/\/www.deezen.com.de\/en\/portfolio\/vickers-posidonia\/\"><\/a>\n\t\t<\/div>\n\t<\/div>\n<\/div><div class=\"project-item category-33\">\n\t<div class=\"projects-box\">\n\t\t<div class=\"projects-thumbnail\" data-src=\"https:\/\/www.deezen.com.de\/wp-content\/uploads\/2022\/10\/STAMION_PAROUSIES-min-scaled.jpg\" data-sub-html=\"Stamion &#8211; PAROUSIES\">\n\t\t\t<a href=\"https:\/\/www.deezen.com.de\/en\/portfolio\/stamion-parousies\/\">\n\t\t\t\t<img decoding=\"async\" width=\"720\" height=\"720\" data-src=\"https:\/\/www.deezen.com.de\/wp-content\/uploads\/2022\/10\/STAMION_PAROUSIES-min-720x720.jpg\" class=\"attachment-theratio-portfolio-thumbnail-grid size-theratio-portfolio-thumbnail-grid wp-post-image lazyload\" alt=\"\" data-srcset=\"https:\/\/www.deezen.com.de\/wp-content\/uploads\/2022\/10\/STAMION_PAROUSIES-min-720x720.jpg 720w, https:\/\/www.deezen.com.de\/wp-content\/uploads\/2022\/10\/STAMION_PAROUSIES-min-150x150.jpg 150w\" data-sizes=\"(max-width: 720px) 100vw, 720px\" src=\"data:image\/svg+xml;base64,PHN2ZyB3aWR0aD0iMSIgaGVpZ2h0PSIxIiB4bWxucz0iaHR0cDovL3d3dy53My5vcmcvMjAwMC9zdmciPjwvc3ZnPg==\" style=\"--smush-placeholder-width: 720px; --smush-placeholder-aspect-ratio: 720\/720;\" \/>\t\t\t<\/a>\n\t\t\t<span class=\"overlay\">\n\t\t\t\t<h5>Stamion\u2014PAROUSIES<\/h5>\n\t\t\t\t<i class=\"ot-flaticon-add\"><\/i>\n\t\t\t<\/span>\n\t\t<\/div>\n\t\t<div class=\"portfolio-info\">\n\t\t\t<div class=\"portfolio-info-inner\">\n\t\t\t\t<h5><a class=\"title-link\" href=\"https:\/\/www.deezen.com.de\/en\/portfolio\/stamion-parousies\/\" data-src=\"https:\/\/www.deezen.com.de\/wp-content\/uploads\/2022\/10\/STAMION_PAROUSIES-min-scaled.jpg\" data-sub-html=\"Stamion &#8211; PAROUSIES\">Stamion\u2014PAROUSIES<\/a><\/h5>\n\t\t\t\t<p class=\"portfolio-cates\"><a href=\"https:\/\/www.deezen.com.de\/en\/portfolio-category\/ekthesiaka-periptera\/\">EXHIBITION STANDS<\/a><\/p> \n\t\t\t<\/div>\n\t\t\t<a class=\"overlay\" href=\"https:\/\/www.deezen.com.de\/en\/portfolio\/stamion-parousies\/\"><\/a>\n\t\t<\/div>\n\t<\/div>\n<\/div><div class=\"project-item category-33\">\n\t<div class=\"projects-box\">\n\t\t<div class=\"projects-thumbnail\" data-src=\"https:\/\/www.deezen.com.de\/wp-content\/uploads\/2022\/10\/SABO_VERDE-TECH-min-scaled.jpg\" data-sub-html=\"Sabo &#8211; VERDE TECH\">\n\t\t\t<a href=\"https:\/\/www.deezen.com.de\/en\/portfolio\/sabo-verde-tech\/\">\n\t\t\t\t<img decoding=\"async\" width=\"720\" height=\"720\" data-src=\"https:\/\/www.deezen.com.de\/wp-content\/uploads\/2022\/10\/SABO_VERDE-TECH-min-720x720.jpg\" class=\"attachment-theratio-portfolio-thumbnail-grid size-theratio-portfolio-thumbnail-grid wp-post-image lazyload\" alt=\"\" data-srcset=\"https:\/\/www.deezen.com.de\/wp-content\/uploads\/2022\/10\/SABO_VERDE-TECH-min-720x720.jpg 720w, https:\/\/www.deezen.com.de\/wp-content\/uploads\/2022\/10\/SABO_VERDE-TECH-min-150x150.jpg 150w\" data-sizes=\"(max-width: 720px) 100vw, 720px\" src=\"data:image\/svg+xml;base64,PHN2ZyB3aWR0aD0iMSIgaGVpZ2h0PSIxIiB4bWxucz0iaHR0cDovL3d3dy53My5vcmcvMjAwMC9zdmciPjwvc3ZnPg==\" style=\"--smush-placeholder-width: 720px; --smush-placeholder-aspect-ratio: 720\/720;\" \/>\t\t\t<\/a>\n\t\t\t<span class=\"overlay\">\n\t\t\t\t<h5>Sabo \u2013 VERDE TECH<\/h5>\n\t\t\t\t<i class=\"ot-flaticon-add\"><\/i>\n\t\t\t<\/span>\n\t\t<\/div>\n\t\t<div class=\"portfolio-info\">\n\t\t\t<div class=\"portfolio-info-inner\">\n\t\t\t\t<h5><a class=\"title-link\" href=\"https:\/\/www.deezen.com.de\/en\/portfolio\/sabo-verde-tech\/\" data-src=\"https:\/\/www.deezen.com.de\/wp-content\/uploads\/2022\/10\/SABO_VERDE-TECH-min-scaled.jpg\" data-sub-html=\"Sabo &#8211; VERDE TECH\">Sabo \u2013 VERDE TECH<\/a><\/h5>\n\t\t\t\t<p class=\"portfolio-cates\"><a href=\"https:\/\/www.deezen.com.de\/en\/portfolio-category\/ekthesiaka-periptera\/\">EXHIBITION STANDS<\/a><\/p> \n\t\t\t<\/div>\n\t\t\t<a class=\"overlay\" href=\"https:\/\/www.deezen.com.de\/en\/portfolio\/sabo-verde-tech\/\"><\/a>\n\t\t<\/div>\n\t<\/div>\n<\/div><div class=\"project-item category-33\">\n\t<div class=\"projects-box\">\n\t\t<div class=\"projects-thumbnail\" data-src=\"https:\/\/www.deezen.com.de\/wp-content\/uploads\/2022\/10\/SABO_TECNA-min-scaled.jpg\" data-sub-html=\"Sabo &#8211; TECNA\">\n\t\t\t<a href=\"https:\/\/www.deezen.com.de\/en\/portfolio\/sabo-tecna\/\">\n\t\t\t\t<img decoding=\"async\" width=\"720\" height=\"720\" data-src=\"https:\/\/www.deezen.com.de\/wp-content\/uploads\/2022\/10\/SABO_TECNA-min-720x720.jpg\" class=\"attachment-theratio-portfolio-thumbnail-grid size-theratio-portfolio-thumbnail-grid wp-post-image lazyload\" alt=\"\" data-srcset=\"https:\/\/www.deezen.com.de\/wp-content\/uploads\/2022\/10\/SABO_TECNA-min-720x720.jpg 720w, https:\/\/www.deezen.com.de\/wp-content\/uploads\/2022\/10\/SABO_TECNA-min-150x150.jpg 150w\" data-sizes=\"(max-width: 720px) 100vw, 720px\" src=\"data:image\/svg+xml;base64,PHN2ZyB3aWR0aD0iMSIgaGVpZ2h0PSIxIiB4bWxucz0iaHR0cDovL3d3dy53My5vcmcvMjAwMC9zdmciPjwvc3ZnPg==\" style=\"--smush-placeholder-width: 720px; --smush-placeholder-aspect-ratio: 720\/720;\" \/>\t\t\t<\/a>\n\t\t\t<span class=\"overlay\">\n\t\t\t\t<h5>Sabo-TECNA<\/h5>\n\t\t\t\t<i class=\"ot-flaticon-add\"><\/i>\n\t\t\t<\/span>\n\t\t<\/div>\n\t\t<div class=\"portfolio-info\">\n\t\t\t<div class=\"portfolio-info-inner\">\n\t\t\t\t<h5><a class=\"title-link\" href=\"https:\/\/www.deezen.com.de\/en\/portfolio\/sabo-tecna\/\" data-src=\"https:\/\/www.deezen.com.de\/wp-content\/uploads\/2022\/10\/SABO_TECNA-min-scaled.jpg\" data-sub-html=\"Sabo &#8211; TECNA\">Sabo-TECNA<\/a><\/h5>\n\t\t\t\t<p class=\"portfolio-cates\"><a href=\"https:\/\/www.deezen.com.de\/en\/portfolio-category\/ekthesiaka-periptera\/\">EXHIBITION STANDS<\/a><\/p> \n\t\t\t<\/div>\n\t\t\t<a class=\"overlay\" href=\"https:\/\/www.deezen.com.de\/en\/portfolio\/sabo-tecna\/\"><\/a>\n\t\t<\/div>\n\t<\/div>\n<\/div><div class=\"project-item category-33\">\n\t<div class=\"projects-box\">\n\t\t<div class=\"projects-thumbnail\" data-src=\"https:\/\/www.deezen.com.de\/wp-content\/uploads\/2022\/10\/SABO_SYSKEYASIA-min-scaled.jpg\" data-sub-html=\"Sabo &#8211; SYSKEYASIA\">\n\t\t\t<a href=\"https:\/\/www.deezen.com.de\/en\/portfolio\/sabo-syskeyasia\/\">\n\t\t\t\t<img decoding=\"async\" width=\"720\" height=\"720\" data-src=\"https:\/\/www.deezen.com.de\/wp-content\/uploads\/2022\/10\/SABO_SYSKEYASIA-min-720x720.jpg\" class=\"attachment-theratio-portfolio-thumbnail-grid size-theratio-portfolio-thumbnail-grid wp-post-image lazyload\" alt=\"\" data-srcset=\"https:\/\/www.deezen.com.de\/wp-content\/uploads\/2022\/10\/SABO_SYSKEYASIA-min-720x720.jpg 720w, https:\/\/www.deezen.com.de\/wp-content\/uploads\/2022\/10\/SABO_SYSKEYASIA-min-150x150.jpg 150w\" data-sizes=\"(max-width: 720px) 100vw, 720px\" src=\"data:image\/svg+xml;base64,PHN2ZyB3aWR0aD0iMSIgaGVpZ2h0PSIxIiB4bWxucz0iaHR0cDovL3d3dy53My5vcmcvMjAwMC9zdmciPjwvc3ZnPg==\" style=\"--smush-placeholder-width: 720px; --smush-placeholder-aspect-ratio: 720\/720;\" \/>\t\t\t<\/a>\n\t\t\t<span class=\"overlay\">\n\t\t\t\t<h5>Sabo\u2014SYSKEYASIA<\/h5>\n\t\t\t\t<i class=\"ot-flaticon-add\"><\/i>\n\t\t\t<\/span>\n\t\t<\/div>\n\t\t<div class=\"portfolio-info\">\n\t\t\t<div class=\"portfolio-info-inner\">\n\t\t\t\t<h5><a class=\"title-link\" href=\"https:\/\/www.deezen.com.de\/en\/portfolio\/sabo-syskeyasia\/\" data-src=\"https:\/\/www.deezen.com.de\/wp-content\/uploads\/2022\/10\/SABO_SYSKEYASIA-min-scaled.jpg\" data-sub-html=\"Sabo &#8211; SYSKEYASIA\">Sabo\u2014SYSKEYASIA<\/a><\/h5>\n\t\t\t\t<p class=\"portfolio-cates\"><a href=\"https:\/\/www.deezen.com.de\/en\/portfolio-category\/ekthesiaka-periptera\/\">EXHIBITION STANDS<\/a><\/p> \n\t\t\t<\/div>\n\t\t\t<a class=\"overlay\" href=\"https:\/\/www.deezen.com.de\/en\/portfolio\/sabo-syskeyasia\/\"><\/a>\n\t\t<\/div>\n\t<\/div>\n<\/div>\t\t\t<\/div>\n\n\t\t\t\t    <\/div>\n\t\t\t\t\t\t\t\t\t\t\n\t    \t\t\t\t<\/div>\n\t\t\t\t<\/div>\n\t\t\t\t<div class=\"elementor-element elementor-element-777240a elementor-align-center elementor-widget elementor-widget-ibutton\" data-id=\"777240a\" data-element_type=\"widget\" data-widget_type=\"ibutton.default\">\n\t\t\t\t<div class=\"elementor-widget-container\">\n\t\t\t\t\t\t\t<div class=\"ot-button\">\n\t\t\t<a href=\"\/en\/\u03b5\u03c1\u03b3\u03b1\/\" class=\"octf-btn octf-btn-light\">EVERYTHING WORKS<\/a>\n\t    <\/div>\n\t    \t\t\t\t<\/div>\n\t\t\t\t<\/div>\n\t\t\t\t\t<\/div>\n\t\t<\/div>\n\t\t\t\t\t<\/div>\n\t\t<\/section>\n\t\t\t\t<section class=\"elementor-section elementor-top-section elementor-element elementor-element-13fb4a6f elementor-section-content-middle elementor-section-boxed elementor-section-height-default elementor-section-height-default\" data-id=\"13fb4a6f\" data-element_type=\"section\" data-settings=\"{&quot;background_background&quot;:&quot;classic&quot;,&quot;_ha_eqh_enable&quot;:false}\">\n\t\t\t\t\t\t<div class=\"elementor-container elementor-column-gap-extended\">\n\t\t\t\t\t<div class=\"elementor-column elementor-col-66 elementor-top-column elementor-element elementor-element-3e29bf58 ot-flex-column-vertical\" data-id=\"3e29bf58\" data-element_type=\"column\">\n\t\t\t<div class=\"elementor-widget-wrap elementor-element-populated\">\n\t\t\t\t\t\t<div class=\"elementor-element elementor-element-9a5d793 elementor-widget elementor-widget-heading\" data-id=\"9a5d793\" data-element_type=\"widget\" data-widget_type=\"heading.default\">\n\t\t\t\t<div class=\"elementor-widget-container\">\n\t\t\t\t\t<h2 class=\"elementor-heading-title elementor-size-default\">We can help you Contact us directly<\/h2>\t\t\t\t<\/div>\n\t\t\t\t<\/div>\n\t\t\t\t<div class=\"elementor-element elementor-element-18595081 elementor-widget elementor-widget-text-editor\" data-id=\"18595081\" data-element_type=\"widget\" data-widget_type=\"text-editor.default\">\n\t\t\t\t<div class=\"elementor-widget-container\">\n\t\t\t\t\t\t\t\t\t<p>Do you need a professional solution for your company?<\/p><p>Cooperate with us to create an impressive result for the promotion of your company, your residence or your workspace.<\/p>\t\t\t\t\t\t\t\t<\/div>\n\t\t\t\t<\/div>\n\t\t\t\t\t<\/div>\n\t\t<\/div>\n\t\t\t\t<div class=\"elementor-column elementor-col-33 elementor-top-column elementor-element elementor-element-4b2cdd03 ot-flex-column-vertical\" data-id=\"4b2cdd03\" data-element_type=\"column\">\n\t\t\t<div class=\"elementor-widget-wrap elementor-element-populated\">\n\t\t\t\t\t\t<div class=\"elementor-element elementor-element-a35cc62 elementor-align-right elementor-mobile-align-center elementor-widget elementor-widget-ibutton\" data-id=\"a35cc62\" data-element_type=\"widget\" data-widget_type=\"ibutton.default\">\n\t\t\t\t<div class=\"elementor-widget-container\">\n\t\t\t\t\t\t\t<div class=\"ot-button\">\n\t\t\t<a href=\"https:\/\/www.deezen.com.de\/en\/contacts\/\" class=\"octf-btn octf-btn-light\">Ask for a free<br> non-binding offer!<\/a>\n\t    <\/div>\n\t    \t\t\t\t<\/div>\n\t\t\t\t<\/div>\n\t\t\t\t\t<\/div>\n\t\t<\/div>\n\t\t\t\t\t<\/div>\n\t\t<\/section>\n\t\t\t\t<\/div>","protected":false},"excerpt":{"rendered":"<p>Dienstleistungen Ausstellung Kioske Unser sehr sachkundiges Team entwirft und erstellt zusammen mit den erfahrenen Produktionsingenieuren kosteng\u00fcnstige L\u00f6sungen, mit dem prim\u00e4ren Ziel, Ihre weltweiten Auftritte auf Messen und Ausstellungen, unter Ber\u00fccksichtigung Ihrer Corporate Identity, erfolgreich zu gestalten. Wir schaffen L\u00f6sungen, die schnell und effektiv das Interesse Ihrer Kunden wecken. Wir \u00fcbernehmen die gesamte Planung, Gestaltung und [&hellip;]<\/p>\n","protected":false},"author":1,"featured_media":0,"parent":0,"menu_order":0,"comment_status":"closed","ping_status":"closed","template":"","meta":{"footnotes":""},"class_list":["post-5158","page","type-page","status-publish","hentry"],"_links":{"self":[{"href":"https:\/\/www.deezen.com.de\/en\/wp-json\/wp\/v2\/pages\/5158","targetHints":{"allow":["GET"]}}],"collection":[{"href":"https:\/\/www.deezen.com.de\/en\/wp-json\/wp\/v2\/pages"}],"about":[{"href":"https:\/\/www.deezen.com.de\/en\/wp-json\/wp\/v2\/types\/page"}],"author":[{"embeddable":true,"href":"https:\/\/www.deezen.com.de\/en\/wp-json\/wp\/v2\/users\/1"}],"replies":[{"embeddable":true,"href":"https:\/\/www.deezen.com.de\/en\/wp-json\/wp\/v2\/comments?post=5158"}],"version-history":[{"count":34,"href":"https:\/\/www.deezen.com.de\/en\/wp-json\/wp\/v2\/pages\/5158\/revisions"}],"predecessor-version":[{"id":8209,"href":"https:\/\/www.deezen.com.de\/en\/wp-json\/wp\/v2\/pages\/5158\/revisions\/8209"}],"wp:attachment":[{"href":"https:\/\/www.deezen.com.de\/en\/wp-json\/wp\/v2\/media?parent=5158"}],"curies":[{"name":"wp","href":"https:\/\/api.w.org\/{rel}","templated":true}]}}