{"id":5322,"date":"2022-05-16T12:37:25","date_gmt":"2022-05-16T12:37:25","guid":{"rendered":"https:\/\/demo.deezen.gr\/?page_id=5322"},"modified":"2022-11-04T19:44:49","modified_gmt":"2022-11-04T19:44:49","slug":"meleti-symvouleftiki-peripterou","status":"publish","type":"page","link":"https:\/\/www.deezen.com.de\/en\/ekthesiaka-periptera\/meleti-symvouleftiki-peripterou\/","title":{"rendered":"Stand Planning &amp; consultation"},"content":{"rendered":"<div data-elementor-type=\"wp-page\" data-elementor-id=\"5322\" class=\"elementor elementor-5322\" data-elementor-settings=\"{&quot;ha_cmc_init_switcher&quot;:&quot;no&quot;}\" data-elementor-post-type=\"page\">\n\t\t\t\t\t\t<section class=\"elementor-section elementor-top-section elementor-element elementor-element-76b0934a elementor-section-content-middle elementor-section-boxed elementor-section-height-default elementor-section-height-default\" data-id=\"76b0934a\" data-element_type=\"section\" data-settings=\"{&quot;_ha_eqh_enable&quot;:false}\">\n\t\t\t\t\t\t<div class=\"elementor-container elementor-column-gap-extended\">\n\t\t\t\t\t<div class=\"elementor-column elementor-col-50 elementor-top-column elementor-element elementor-element-f671574 ot-column-items-top elementor-hidden-mobile ot-flex-column-vertical\" data-id=\"f671574\" data-element_type=\"column\">\n\t\t\t<div class=\"elementor-widget-wrap elementor-element-populated\">\n\t\t\t\t\t\t<div class=\"elementor-element elementor-element-2d9f30b elementor-widget elementor-widget-text-editor\" data-id=\"2d9f30b\" data-element_type=\"widget\" data-widget_type=\"text-editor.default\">\n\t\t\t\t<div class=\"elementor-widget-container\">\n\t\t\t\t\t\t\t\t\t<p>Services<\/p><h2>Stand<br \/>Planning &amp;<br \/>Consultation<\/h2>\t\t\t\t\t\t\t\t<\/div>\n\t\t\t\t<\/div>\n\t\t\t\t\t<\/div>\n\t\t<\/div>\n\t\t\t\t<div class=\"elementor-column elementor-col-50 elementor-top-column elementor-element elementor-element-5169a4dd ot-flex-column-vertical\" data-id=\"5169a4dd\" data-element_type=\"column\">\n\t\t\t<div class=\"elementor-widget-wrap elementor-element-populated\">\n\t\t\t\t\t\t<div class=\"elementor-element elementor-element-3a98ed70 elementor-widget elementor-widget-text-editor\" data-id=\"3a98ed70\" data-element_type=\"widget\" data-widget_type=\"text-editor.default\">\n\t\t\t\t<div class=\"elementor-widget-container\">\n\t\t\t\t\t\t\t\t\t<p><strong>We work according to your needs<\/strong><\/p><p>The image of your booth is the message you will give to the visitor about your company. She must be able to get his attention, attract him and win him over.<\/p><p>Es gibt nicht &#8222;die eine&#8220; L\u00f6sung, die f\u00fcr alle geeignet ist. Wir betrachten jeden Kunden individuell, um bestm\u00f6glich zu seinem Erfolg beizutragen.<\/p><p>We discuss what you need to do to achieve your most difficult goals. A brief discussion with you will help us create a brilliant innovative design.<\/p>\t\t\t\t\t\t\t\t<\/div>\n\t\t\t\t<\/div>\n\t\t\t\t\t<\/div>\n\t\t<\/div>\n\t\t\t\t\t<\/div>\n\t\t<\/section>\n\t\t\t\t<section class=\"elementor-section elementor-top-section elementor-element elementor-element-9f49bab elementor-section-boxed elementor-section-height-default elementor-section-height-default\" data-id=\"9f49bab\" data-element_type=\"section\" data-settings=\"{&quot;_ha_eqh_enable&quot;:false}\">\n\t\t\t\t\t\t<div class=\"elementor-container elementor-column-gap-default\">\n\t\t\t\t\t<div class=\"elementor-column elementor-col-100 elementor-top-column elementor-element elementor-element-2464e42 ot-flex-column-vertical\" data-id=\"2464e42\" data-element_type=\"column\">\n\t\t\t<div class=\"elementor-widget-wrap elementor-element-populated\">\n\t\t\t\t\t\t<div class=\"elementor-element elementor-element-e53ede7 elementor-widget elementor-widget-ipfilter\" data-id=\"e53ede7\" data-element_type=\"widget\" data-widget_type=\"ipfilter.default\">\n\t\t\t\t<div class=\"elementor-widget-container\">\n\t\t\t\t\t\n\t\t<div class=\"project-filter-wrapper\">\n\t\t\t\t\t\t\t        <div class=\"projects-grid pf_3_cols style-1 img-scale w-auto\" data-load=\"3\" data-count=\"26\">\n\t\t\t<div class=\"grid-sizer\"><\/div>\n\t            \n<div class=\"project-item category-33\">\n\t<div class=\"projects-box\">\n\t\t<div class=\"projects-thumbnail\" data-src=\"https:\/\/www.deezen.com.de\/wp-content\/uploads\/2022\/10\/XANTHIS_POSIDONIA-min-scaled.jpg\" data-sub-html=\"Xanthis &#8211; POSIDONIA\">\n\t\t\t<a href=\"https:\/\/www.deezen.com.de\/en\/portfolio\/xanthis-posidonia\/\">\n\t\t\t\t<img fetchpriority=\"high\" decoding=\"async\" width=\"720\" height=\"720\" src=\"https:\/\/www.deezen.com.de\/wp-content\/uploads\/2022\/10\/XANTHIS_POSIDONIA-min-720x720.jpg\" class=\"attachment-theratio-portfolio-thumbnail-grid size-theratio-portfolio-thumbnail-grid wp-post-image\" alt=\"\" srcset=\"https:\/\/www.deezen.com.de\/wp-content\/uploads\/2022\/10\/XANTHIS_POSIDONIA-min-720x720.jpg 720w, https:\/\/www.deezen.com.de\/wp-content\/uploads\/2022\/10\/XANTHIS_POSIDONIA-min-150x150.jpg 150w\" sizes=\"(max-width: 720px) 100vw, 720px\" \/>\t\t\t<\/a>\n\t\t\t\n\t\t\t<span class=\"overlay\">\n\t\t\t\t<h5>Xanthis\u2014POSIDONIA<\/h5>\n\t\t\t\t<i class=\"ot-flaticon-add\"><\/i>\n\t\t\t<\/span>\n\t\t<\/div>\n\t\t<div class=\"portfolio-info\">\n\t\t\t<div class=\"portfolio-info-inner\">\n\t\t\t\t<h5><a class=\"title-link\" href=\"https:\/\/www.deezen.com.de\/en\/portfolio\/xanthis-posidonia\/\" data-src=\"https:\/\/www.deezen.com.de\/wp-content\/uploads\/2022\/10\/XANTHIS_POSIDONIA-min-scaled.jpg\" data-sub-html=\"Xanthis &#8211; POSIDONIA\">Xanthis\u2014POSIDONIA<\/a><\/h5>\n\t\t\t\t<p class=\"portfolio-cates\"><a href=\"https:\/\/www.deezen.com.de\/en\/portfolio-category\/ekthesiaka-periptera\/\">EXHIBITION STANDS<\/a><\/p> \n\t\t\t<\/div>\n\t\t\t<a class=\"overlay\" href=\"https:\/\/www.deezen.com.de\/en\/portfolio\/xanthis-posidonia\/\"><\/a>\n\t\t<\/div>\n\t<\/div>\n<\/div>\n<div class=\"project-item category-33\">\n\t<div class=\"projects-box\">\n\t\t<div class=\"projects-thumbnail\" data-src=\"https:\/\/www.deezen.com.de\/wp-content\/uploads\/2022\/10\/VICKERS_POSIDONIA-min-scaled.jpg\" data-sub-html=\"Vickers &#8211; POSIDONIA\">\n\t\t\t<a href=\"https:\/\/www.deezen.com.de\/en\/portfolio\/vickers-posidonia\/\">\n\t\t\t\t<img decoding=\"async\" width=\"720\" height=\"720\" data-src=\"https:\/\/www.deezen.com.de\/wp-content\/uploads\/2022\/10\/VICKERS_POSIDONIA-min-720x720.jpg\" class=\"attachment-theratio-portfolio-thumbnail-grid size-theratio-portfolio-thumbnail-grid wp-post-image lazyload\" alt=\"\" data-srcset=\"https:\/\/www.deezen.com.de\/wp-content\/uploads\/2022\/10\/VICKERS_POSIDONIA-min-720x720.jpg 720w, https:\/\/www.deezen.com.de\/wp-content\/uploads\/2022\/10\/VICKERS_POSIDONIA-min-150x150.jpg 150w\" data-sizes=\"(max-width: 720px) 100vw, 720px\" src=\"data:image\/svg+xml;base64,PHN2ZyB3aWR0aD0iMSIgaGVpZ2h0PSIxIiB4bWxucz0iaHR0cDovL3d3dy53My5vcmcvMjAwMC9zdmciPjwvc3ZnPg==\" style=\"--smush-placeholder-width: 720px; --smush-placeholder-aspect-ratio: 720\/720;\" \/>\t\t\t<\/a>\n\t\t\t\n\t\t\t<span class=\"overlay\">\n\t\t\t\t<h5>Vickers\u2014POSIDONIA<\/h5>\n\t\t\t\t<i class=\"ot-flaticon-add\"><\/i>\n\t\t\t<\/span>\n\t\t<\/div>\n\t\t<div class=\"portfolio-info\">\n\t\t\t<div class=\"portfolio-info-inner\">\n\t\t\t\t<h5><a class=\"title-link\" href=\"https:\/\/www.deezen.com.de\/en\/portfolio\/vickers-posidonia\/\" data-src=\"https:\/\/www.deezen.com.de\/wp-content\/uploads\/2022\/10\/VICKERS_POSIDONIA-min-scaled.jpg\" data-sub-html=\"Vickers &#8211; POSIDONIA\">Vickers\u2014POSIDONIA<\/a><\/h5>\n\t\t\t\t<p class=\"portfolio-cates\"><a href=\"https:\/\/www.deezen.com.de\/en\/portfolio-category\/ekthesiaka-periptera\/\">EXHIBITION STANDS<\/a><\/p> \n\t\t\t<\/div>\n\t\t\t<a class=\"overlay\" href=\"https:\/\/www.deezen.com.de\/en\/portfolio\/vickers-posidonia\/\"><\/a>\n\t\t<\/div>\n\t<\/div>\n<\/div>\n<div class=\"project-item category-33\">\n\t<div class=\"projects-box\">\n\t\t<div class=\"projects-thumbnail\" data-src=\"https:\/\/www.deezen.com.de\/wp-content\/uploads\/2022\/10\/STAMION_PAROUSIES-min-scaled.jpg\" data-sub-html=\"Stamion &#8211; PAROUSIES\">\n\t\t\t<a href=\"https:\/\/www.deezen.com.de\/en\/portfolio\/stamion-parousies\/\">\n\t\t\t\t<img decoding=\"async\" width=\"720\" height=\"720\" data-src=\"https:\/\/www.deezen.com.de\/wp-content\/uploads\/2022\/10\/STAMION_PAROUSIES-min-720x720.jpg\" class=\"attachment-theratio-portfolio-thumbnail-grid size-theratio-portfolio-thumbnail-grid wp-post-image lazyload\" alt=\"\" data-srcset=\"https:\/\/www.deezen.com.de\/wp-content\/uploads\/2022\/10\/STAMION_PAROUSIES-min-720x720.jpg 720w, https:\/\/www.deezen.com.de\/wp-content\/uploads\/2022\/10\/STAMION_PAROUSIES-min-150x150.jpg 150w\" data-sizes=\"(max-width: 720px) 100vw, 720px\" src=\"data:image\/svg+xml;base64,PHN2ZyB3aWR0aD0iMSIgaGVpZ2h0PSIxIiB4bWxucz0iaHR0cDovL3d3dy53My5vcmcvMjAwMC9zdmciPjwvc3ZnPg==\" style=\"--smush-placeholder-width: 720px; --smush-placeholder-aspect-ratio: 720\/720;\" \/>\t\t\t<\/a>\n\t\t\t\n\t\t\t<span class=\"overlay\">\n\t\t\t\t<h5>Stamion\u2014PAROUSIES<\/h5>\n\t\t\t\t<i class=\"ot-flaticon-add\"><\/i>\n\t\t\t<\/span>\n\t\t<\/div>\n\t\t<div class=\"portfolio-info\">\n\t\t\t<div class=\"portfolio-info-inner\">\n\t\t\t\t<h5><a class=\"title-link\" href=\"https:\/\/www.deezen.com.de\/en\/portfolio\/stamion-parousies\/\" data-src=\"https:\/\/www.deezen.com.de\/wp-content\/uploads\/2022\/10\/STAMION_PAROUSIES-min-scaled.jpg\" data-sub-html=\"Stamion &#8211; PAROUSIES\">Stamion\u2014PAROUSIES<\/a><\/h5>\n\t\t\t\t<p class=\"portfolio-cates\"><a href=\"https:\/\/www.deezen.com.de\/en\/portfolio-category\/ekthesiaka-periptera\/\">EXHIBITION STANDS<\/a><\/p> \n\t\t\t<\/div>\n\t\t\t<a class=\"overlay\" href=\"https:\/\/www.deezen.com.de\/en\/portfolio\/stamion-parousies\/\"><\/a>\n\t\t<\/div>\n\t<\/div>\n<\/div>\n<div class=\"project-item category-33\">\n\t<div class=\"projects-box\">\n\t\t<div class=\"projects-thumbnail\" data-src=\"https:\/\/www.deezen.com.de\/wp-content\/uploads\/2022\/10\/SABO_VERDE-TECH-min-scaled.jpg\" data-sub-html=\"Sabo &#8211; VERDE TECH\">\n\t\t\t<a href=\"https:\/\/www.deezen.com.de\/en\/portfolio\/sabo-verde-tech\/\">\n\t\t\t\t<img decoding=\"async\" width=\"720\" height=\"720\" data-src=\"https:\/\/www.deezen.com.de\/wp-content\/uploads\/2022\/10\/SABO_VERDE-TECH-min-720x720.jpg\" class=\"attachment-theratio-portfolio-thumbnail-grid size-theratio-portfolio-thumbnail-grid wp-post-image lazyload\" alt=\"\" data-srcset=\"https:\/\/www.deezen.com.de\/wp-content\/uploads\/2022\/10\/SABO_VERDE-TECH-min-720x720.jpg 720w, https:\/\/www.deezen.com.de\/wp-content\/uploads\/2022\/10\/SABO_VERDE-TECH-min-150x150.jpg 150w\" data-sizes=\"(max-width: 720px) 100vw, 720px\" src=\"data:image\/svg+xml;base64,PHN2ZyB3aWR0aD0iMSIgaGVpZ2h0PSIxIiB4bWxucz0iaHR0cDovL3d3dy53My5vcmcvMjAwMC9zdmciPjwvc3ZnPg==\" style=\"--smush-placeholder-width: 720px; --smush-placeholder-aspect-ratio: 720\/720;\" \/>\t\t\t<\/a>\n\t\t\t\n\t\t\t<span class=\"overlay\">\n\t\t\t\t<h5>Sabo \u2013 VERDE TECH<\/h5>\n\t\t\t\t<i class=\"ot-flaticon-add\"><\/i>\n\t\t\t<\/span>\n\t\t<\/div>\n\t\t<div class=\"portfolio-info\">\n\t\t\t<div class=\"portfolio-info-inner\">\n\t\t\t\t<h5><a class=\"title-link\" href=\"https:\/\/www.deezen.com.de\/en\/portfolio\/sabo-verde-tech\/\" data-src=\"https:\/\/www.deezen.com.de\/wp-content\/uploads\/2022\/10\/SABO_VERDE-TECH-min-scaled.jpg\" data-sub-html=\"Sabo &#8211; VERDE TECH\">Sabo \u2013 VERDE TECH<\/a><\/h5>\n\t\t\t\t<p class=\"portfolio-cates\"><a href=\"https:\/\/www.deezen.com.de\/en\/portfolio-category\/ekthesiaka-periptera\/\">EXHIBITION STANDS<\/a><\/p> \n\t\t\t<\/div>\n\t\t\t<a class=\"overlay\" href=\"https:\/\/www.deezen.com.de\/en\/portfolio\/sabo-verde-tech\/\"><\/a>\n\t\t<\/div>\n\t<\/div>\n<\/div>\n<div class=\"project-item category-33\">\n\t<div class=\"projects-box\">\n\t\t<div class=\"projects-thumbnail\" data-src=\"https:\/\/www.deezen.com.de\/wp-content\/uploads\/2022\/10\/SABO_TECNA-min-scaled.jpg\" data-sub-html=\"Sabo &#8211; TECNA\">\n\t\t\t<a href=\"https:\/\/www.deezen.com.de\/en\/portfolio\/sabo-tecna\/\">\n\t\t\t\t<img decoding=\"async\" width=\"720\" height=\"720\" data-src=\"https:\/\/www.deezen.com.de\/wp-content\/uploads\/2022\/10\/SABO_TECNA-min-720x720.jpg\" class=\"attachment-theratio-portfolio-thumbnail-grid size-theratio-portfolio-thumbnail-grid wp-post-image lazyload\" alt=\"\" data-srcset=\"https:\/\/www.deezen.com.de\/wp-content\/uploads\/2022\/10\/SABO_TECNA-min-720x720.jpg 720w, https:\/\/www.deezen.com.de\/wp-content\/uploads\/2022\/10\/SABO_TECNA-min-150x150.jpg 150w\" data-sizes=\"(max-width: 720px) 100vw, 720px\" src=\"data:image\/svg+xml;base64,PHN2ZyB3aWR0aD0iMSIgaGVpZ2h0PSIxIiB4bWxucz0iaHR0cDovL3d3dy53My5vcmcvMjAwMC9zdmciPjwvc3ZnPg==\" style=\"--smush-placeholder-width: 720px; --smush-placeholder-aspect-ratio: 720\/720;\" \/>\t\t\t<\/a>\n\t\t\t\n\t\t\t<span class=\"overlay\">\n\t\t\t\t<h5>Sabo-TECNA<\/h5>\n\t\t\t\t<i class=\"ot-flaticon-add\"><\/i>\n\t\t\t<\/span>\n\t\t<\/div>\n\t\t<div class=\"portfolio-info\">\n\t\t\t<div class=\"portfolio-info-inner\">\n\t\t\t\t<h5><a class=\"title-link\" href=\"https:\/\/www.deezen.com.de\/en\/portfolio\/sabo-tecna\/\" data-src=\"https:\/\/www.deezen.com.de\/wp-content\/uploads\/2022\/10\/SABO_TECNA-min-scaled.jpg\" data-sub-html=\"Sabo &#8211; TECNA\">Sabo-TECNA<\/a><\/h5>\n\t\t\t\t<p class=\"portfolio-cates\"><a href=\"https:\/\/www.deezen.com.de\/en\/portfolio-category\/ekthesiaka-periptera\/\">EXHIBITION STANDS<\/a><\/p> \n\t\t\t<\/div>\n\t\t\t<a class=\"overlay\" href=\"https:\/\/www.deezen.com.de\/en\/portfolio\/sabo-tecna\/\"><\/a>\n\t\t<\/div>\n\t<\/div>\n<\/div>\n<div class=\"project-item category-33\">\n\t<div class=\"projects-box\">\n\t\t<div class=\"projects-thumbnail\" data-src=\"https:\/\/www.deezen.com.de\/wp-content\/uploads\/2022\/10\/SABO_SYSKEYASIA-min-scaled.jpg\" data-sub-html=\"Sabo &#8211; SYSKEYASIA\">\n\t\t\t<a href=\"https:\/\/www.deezen.com.de\/en\/portfolio\/sabo-syskeyasia\/\">\n\t\t\t\t<img decoding=\"async\" width=\"720\" height=\"720\" data-src=\"https:\/\/www.deezen.com.de\/wp-content\/uploads\/2022\/10\/SABO_SYSKEYASIA-min-720x720.jpg\" class=\"attachment-theratio-portfolio-thumbnail-grid size-theratio-portfolio-thumbnail-grid wp-post-image lazyload\" alt=\"\" data-srcset=\"https:\/\/www.deezen.com.de\/wp-content\/uploads\/2022\/10\/SABO_SYSKEYASIA-min-720x720.jpg 720w, https:\/\/www.deezen.com.de\/wp-content\/uploads\/2022\/10\/SABO_SYSKEYASIA-min-150x150.jpg 150w\" data-sizes=\"(max-width: 720px) 100vw, 720px\" src=\"data:image\/svg+xml;base64,PHN2ZyB3aWR0aD0iMSIgaGVpZ2h0PSIxIiB4bWxucz0iaHR0cDovL3d3dy53My5vcmcvMjAwMC9zdmciPjwvc3ZnPg==\" style=\"--smush-placeholder-width: 720px; --smush-placeholder-aspect-ratio: 720\/720;\" \/>\t\t\t<\/a>\n\t\t\t\n\t\t\t<span class=\"overlay\">\n\t\t\t\t<h5>Sabo\u2014SYSKEYASIA<\/h5>\n\t\t\t\t<i class=\"ot-flaticon-add\"><\/i>\n\t\t\t<\/span>\n\t\t<\/div>\n\t\t<div class=\"portfolio-info\">\n\t\t\t<div class=\"portfolio-info-inner\">\n\t\t\t\t<h5><a class=\"title-link\" href=\"https:\/\/www.deezen.com.de\/en\/portfolio\/sabo-syskeyasia\/\" data-src=\"https:\/\/www.deezen.com.de\/wp-content\/uploads\/2022\/10\/SABO_SYSKEYASIA-min-scaled.jpg\" data-sub-html=\"Sabo &#8211; SYSKEYASIA\">Sabo\u2014SYSKEYASIA<\/a><\/h5>\n\t\t\t\t<p class=\"portfolio-cates\"><a href=\"https:\/\/www.deezen.com.de\/en\/portfolio-category\/ekthesiaka-periptera\/\">EXHIBITION STANDS<\/a><\/p> \n\t\t\t<\/div>\n\t\t\t<a class=\"overlay\" href=\"https:\/\/www.deezen.com.de\/en\/portfolio\/sabo-syskeyasia\/\"><\/a>\n\t\t<\/div>\n\t<\/div>\n<\/div>\t\t\t<\/div>\n\n\t\t\t<div class=\"btn-block\"><a href=\"#\" class=\"btn-loadmore octf-btn\" data-category=\"33\" data-loaded=\"MEHR\" data-loading=\"Loading...\" data-style=\"grid\">MORE<\/a><\/div>\t    <\/div>\n\t\t\t\t\t\t\t\t\t\t\n\t    \t\t\t\t<\/div>\n\t\t\t\t<\/div>\n\t\t\t\t\t<\/div>\n\t\t<\/div>\n\t\t\t\t\t<\/div>\n\t\t<\/section>\n\t\t\t\t<section class=\"elementor-section elementor-top-section elementor-element elementor-element-b7c83fb elementor-section-content-middle elementor-section-boxed elementor-section-height-default elementor-section-height-default\" data-id=\"b7c83fb\" data-element_type=\"section\" data-settings=\"{&quot;background_background&quot;:&quot;classic&quot;,&quot;_ha_eqh_enable&quot;:false}\">\n\t\t\t\t\t\t<div class=\"elementor-container elementor-column-gap-extended\">\n\t\t\t\t\t<div class=\"elementor-column elementor-col-66 elementor-top-column elementor-element elementor-element-47fec289 ot-flex-column-vertical\" data-id=\"47fec289\" data-element_type=\"column\">\n\t\t\t<div class=\"elementor-widget-wrap elementor-element-populated\">\n\t\t\t\t\t\t<div class=\"elementor-element elementor-element-6b760d2e elementor-widget elementor-widget-heading\" data-id=\"6b760d2e\" data-element_type=\"widget\" data-widget_type=\"heading.default\">\n\t\t\t\t<div class=\"elementor-widget-container\">\n\t\t\t\t\t<h2 class=\"elementor-heading-title elementor-size-default\">We can help you Contact us directly<\/h2>\t\t\t\t<\/div>\n\t\t\t\t<\/div>\n\t\t\t\t<div class=\"elementor-element elementor-element-1b35b4b0 elementor-widget elementor-widget-text-editor\" data-id=\"1b35b4b0\" data-element_type=\"widget\" data-widget_type=\"text-editor.default\">\n\t\t\t\t<div class=\"elementor-widget-container\">\n\t\t\t\t\t\t\t\t\t<p>Do you need a professional solution for your company?<\/p><p>Work with us to create an impressive result for the promotion of your business, home or business premises.<\/p>\t\t\t\t\t\t\t\t<\/div>\n\t\t\t\t<\/div>\n\t\t\t\t\t<\/div>\n\t\t<\/div>\n\t\t\t\t<div class=\"elementor-column elementor-col-33 elementor-top-column elementor-element elementor-element-40e295be ot-flex-column-vertical\" data-id=\"40e295be\" data-element_type=\"column\">\n\t\t\t<div class=\"elementor-widget-wrap elementor-element-populated\">\n\t\t\t\t\t\t<div class=\"elementor-element elementor-element-ff2d5b6 elementor-align-right elementor-mobile-align-center elementor-widget elementor-widget-ibutton\" data-id=\"ff2d5b6\" data-element_type=\"widget\" data-widget_type=\"ibutton.default\">\n\t\t\t\t<div class=\"elementor-widget-container\">\n\t\t\t\t\t\t\t<div class=\"ot-button\">\n\t\t\t<a href=\"https:\/\/www.deezen.com.de\/en\/contacts\/\" class=\"octf-btn octf-btn-light\">Ask for a free<br> non-binding offer!<\/a>\n\t    <\/div>\n\t    \t\t\t\t<\/div>\n\t\t\t\t<\/div>\n\t\t\t\t\t<\/div>\n\t\t<\/div>\n\t\t\t\t\t<\/div>\n\t\t<\/section>\n\t\t\t\t<\/div>","protected":false},"excerpt":{"rendered":"<p>Dienstleistungen MessestandPlanung undBeratung Wir arbeiten nach Ihren Bed\u00fcrfnissen Das Aussehen Ihres Standes ist die Botschaft, die Ihrem Besucher f\u00fcr Ihr Unternehmen vermittelt wird. Es soll daf\u00fcr sorgen, die Aufmerksamkeit Ihrer Kunden auf sich ziehen, um Sie an Ihren Stand zu locken und zu beeindrucken. Es gibt nicht &#8222;die eine&#8220; L\u00f6sung, die f\u00fcr alle geeignet ist. [&hellip;]<\/p>\n","protected":false},"author":1,"featured_media":0,"parent":5158,"menu_order":0,"comment_status":"closed","ping_status":"closed","template":"elementor_header_footer","meta":{"footnotes":""},"class_list":["post-5322","page","type-page","status-publish","hentry"],"_links":{"self":[{"href":"https:\/\/www.deezen.com.de\/en\/wp-json\/wp\/v2\/pages\/5322","targetHints":{"allow":["GET"]}}],"collection":[{"href":"https:\/\/www.deezen.com.de\/en\/wp-json\/wp\/v2\/pages"}],"about":[{"href":"https:\/\/www.deezen.com.de\/en\/wp-json\/wp\/v2\/types\/page"}],"author":[{"embeddable":true,"href":"https:\/\/www.deezen.com.de\/en\/wp-json\/wp\/v2\/users\/1"}],"replies":[{"embeddable":true,"href":"https:\/\/www.deezen.com.de\/en\/wp-json\/wp\/v2\/comments?post=5322"}],"version-history":[{"count":31,"href":"https:\/\/www.deezen.com.de\/en\/wp-json\/wp\/v2\/pages\/5322\/revisions"}],"predecessor-version":[{"id":8212,"href":"https:\/\/www.deezen.com.de\/en\/wp-json\/wp\/v2\/pages\/5322\/revisions\/8212"}],"up":[{"embeddable":true,"href":"https:\/\/www.deezen.com.de\/en\/wp-json\/wp\/v2\/pages\/5158"}],"wp:attachment":[{"href":"https:\/\/www.deezen.com.de\/en\/wp-json\/wp\/v2\/media?parent=5322"}],"curies":[{"name":"wp","href":"https:\/\/api.w.org\/{rel}","templated":true}]}}