{"id":5379,"date":"2022-05-17T06:52:42","date_gmt":"2022-05-17T06:52:42","guid":{"rendered":"https:\/\/demo.deezen.gr\/?page_id=5379"},"modified":"2022-11-04T19:58:20","modified_gmt":"2022-11-04T19:58:20","slug":"diamorfosi-perivallonton-choron","status":"publish","type":"page","link":"https:\/\/www.deezen.com.de\/en\/anakainiseis__trashed\/diamorfosi-perivallonton-choron\/","title":{"rendered":"landscaping"},"content":{"rendered":"<div data-elementor-type=\"wp-page\" data-elementor-id=\"5379\" class=\"elementor elementor-5379\" data-elementor-settings=\"{&quot;ha_cmc_init_switcher&quot;:&quot;no&quot;}\" data-elementor-post-type=\"page\">\n\t\t\t\t\t\t<section class=\"elementor-section elementor-top-section elementor-element elementor-element-536e8cd4 elementor-section-content-middle elementor-section-boxed elementor-section-height-default elementor-section-height-default\" data-id=\"536e8cd4\" data-element_type=\"section\" data-settings=\"{&quot;_ha_eqh_enable&quot;:false}\">\n\t\t\t\t\t\t<div class=\"elementor-container elementor-column-gap-extended\">\n\t\t\t\t\t<div class=\"elementor-column elementor-col-50 elementor-top-column elementor-element elementor-element-6b54518f ot-column-items-top elementor-hidden-mobile ot-flex-column-vertical\" data-id=\"6b54518f\" data-element_type=\"column\">\n\t\t\t<div class=\"elementor-widget-wrap elementor-element-populated\">\n\t\t\t\t\t\t<div class=\"elementor-element elementor-element-22ae776 elementor-widget elementor-widget-text-editor\" data-id=\"22ae776\" data-element_type=\"widget\" data-widget_type=\"text-editor.default\">\n\t\t\t\t<div class=\"elementor-widget-container\">\n\t\t\t\t\t\t\t\t\t<p>Services<\/p><h2 class=\"translation-block\">Design of outdoor areas<\/h2>\t\t\t\t\t\t\t\t<\/div>\n\t\t\t\t<\/div>\n\t\t\t\t\t<\/div>\n\t\t<\/div>\n\t\t\t\t<div class=\"elementor-column elementor-col-50 elementor-top-column elementor-element elementor-element-696c6d80 ot-flex-column-vertical\" data-id=\"696c6d80\" data-element_type=\"column\">\n\t\t\t<div class=\"elementor-widget-wrap elementor-element-populated\">\n\t\t\t\t\t\t<div class=\"elementor-element elementor-element-78310099 elementor-widget elementor-widget-text-editor\" data-id=\"78310099\" data-element_type=\"widget\" data-widget_type=\"text-editor.default\">\n\t\t\t\t<div class=\"elementor-widget-container\">\n\t\t\t\t\t\t\t\t\t<p>At first it seems very easy to place garden furniture on a balcony or a roof, but it&#039;s not only that.<\/p><p>The design of the outdoor area should be well thought out. Especially for large spaces or roofs to be converted into terraces. It is also important to always take into account the elements that determine not only the aesthetics, but above all the functionality of the room, such as the direction of the sun, the wind, the desired shade, or even the choice of the right furniture to suit the use of the area and much more<\/p>\t\t\t\t\t\t\t\t<\/div>\n\t\t\t\t<\/div>\n\t\t\t\t\t<\/div>\n\t\t<\/div>\n\t\t\t\t\t<\/div>\n\t\t<\/section>\n\t\t\t\t<section class=\"elementor-section elementor-top-section elementor-element elementor-element-e641897 elementor-section-boxed elementor-section-height-default elementor-section-height-default\" data-id=\"e641897\" data-element_type=\"section\" data-settings=\"{&quot;_ha_eqh_enable&quot;:false}\">\n\t\t\t\t\t\t<div class=\"elementor-container elementor-column-gap-narrow\">\n\t\t\t\t\t<div class=\"elementor-column elementor-col-100 elementor-top-column elementor-element elementor-element-a58d382 ot-flex-column-vertical\" data-id=\"a58d382\" data-element_type=\"column\">\n\t\t\t<div class=\"elementor-widget-wrap elementor-element-populated\">\n\t\t\t\t\t\t<div class=\"elementor-element elementor-element-54c2bc2 elementor-widget elementor-widget-ipfilter\" data-id=\"54c2bc2\" data-element_type=\"widget\" data-widget_type=\"ipfilter.default\">\n\t\t\t\t<div class=\"elementor-widget-container\">\n\t\t\t\t\t\n\t\t<div class=\"project-filter-wrapper\">\n\t\t\t\t\t\t\t        <div class=\"projects-grid pf_3_cols style-1 img-scale w-auto\" data-load=\"\" data-count=\"0\">\n\t\t\t<div class=\"grid-sizer\"><\/div>\n\t            \t\t\t<\/div>\n\n\t\t\t\t    <\/div>\n\t\t\t\t\t\t\t\t\t\t\n\t    \t\t\t\t<\/div>\n\t\t\t\t<\/div>\n\t\t\t\t\t<\/div>\n\t\t<\/div>\n\t\t\t\t\t<\/div>\n\t\t<\/section>\n\t\t\t\t<section class=\"elementor-section elementor-top-section elementor-element elementor-element-77520784 elementor-section-content-middle elementor-section-boxed elementor-section-height-default elementor-section-height-default\" data-id=\"77520784\" data-element_type=\"section\" data-settings=\"{&quot;background_background&quot;:&quot;classic&quot;,&quot;_ha_eqh_enable&quot;:false}\">\n\t\t\t\t\t\t<div class=\"elementor-container elementor-column-gap-extended\">\n\t\t\t\t\t<div class=\"elementor-column elementor-col-66 elementor-top-column elementor-element elementor-element-60b9845a ot-flex-column-vertical\" data-id=\"60b9845a\" data-element_type=\"column\">\n\t\t\t<div class=\"elementor-widget-wrap elementor-element-populated\">\n\t\t\t\t\t\t<div class=\"elementor-element elementor-element-1adc8bd2 elementor-widget elementor-widget-heading\" data-id=\"1adc8bd2\" data-element_type=\"widget\" data-widget_type=\"heading.default\">\n\t\t\t\t<div class=\"elementor-widget-container\">\n\t\t\t\t\t<h2 class=\"elementor-heading-title elementor-size-default\">We can help you Contact us directly<\/h2>\t\t\t\t<\/div>\n\t\t\t\t<\/div>\n\t\t\t\t<div class=\"elementor-element elementor-element-5d658700 elementor-widget elementor-widget-text-editor\" data-id=\"5d658700\" data-element_type=\"widget\" data-widget_type=\"text-editor.default\">\n\t\t\t\t<div class=\"elementor-widget-container\">\n\t\t\t\t\t\t\t\t\t<p>Do you need a professional solution for your company?<\/p><p>Cooperate with us to create an impressive result for the promotion of your company, your residence or your workspace.<\/p>\t\t\t\t\t\t\t\t<\/div>\n\t\t\t\t<\/div>\n\t\t\t\t\t<\/div>\n\t\t<\/div>\n\t\t\t\t<div class=\"elementor-column elementor-col-33 elementor-top-column elementor-element elementor-element-3e4a404a ot-flex-column-vertical\" data-id=\"3e4a404a\" data-element_type=\"column\">\n\t\t\t<div class=\"elementor-widget-wrap elementor-element-populated\">\n\t\t\t\t\t\t<div class=\"elementor-element elementor-element-8e0ff79 elementor-align-right elementor-mobile-align-center elementor-widget elementor-widget-ibutton\" data-id=\"8e0ff79\" data-element_type=\"widget\" data-widget_type=\"ibutton.default\">\n\t\t\t\t<div class=\"elementor-widget-container\">\n\t\t\t\t\t\t\t<div class=\"ot-button\">\n\t\t\t<a href=\"https:\/\/www.deezen.com.de\/en\/contacts\/\" class=\"octf-btn octf-btn-light\">Ask for a free<br> non-binding offer!<\/a>\n\t    <\/div>\n\t    \t\t\t\t<\/div>\n\t\t\t\t<\/div>\n\t\t\t\t\t<\/div>\n\t\t<\/div>\n\t\t\t\t\t<\/div>\n\t\t<\/section>\n\t\t\t\t<\/div>","protected":false},"excerpt":{"rendered":"<p>Dienstleistungen Gestaltung von Au\u00dfenbereichen Anfangs scheint es sehr einfach zu sein, Gartenm\u00f6bel auf einem Balkon oder einem Dach zu platzieren, aber es ist nicht nur das. Die Gestaltung des Au\u00dfenbereiches sollte gut durchdacht werden. Insbesondere f\u00fcr gro\u00dfe R\u00e4ume oder D\u00e4cher, die in Terrassen umgewandelt werden. Dabei gilt es auch immer die Elemente zu ber\u00fccksichtigen, die [&hellip;]<\/p>\n","protected":false},"author":1,"featured_media":0,"parent":5337,"menu_order":0,"comment_status":"closed","ping_status":"closed","template":"elementor_header_footer","meta":{"footnotes":""},"class_list":["post-5379","page","type-page","status-publish","hentry"],"_links":{"self":[{"href":"https:\/\/www.deezen.com.de\/en\/wp-json\/wp\/v2\/pages\/5379","targetHints":{"allow":["GET"]}}],"collection":[{"href":"https:\/\/www.deezen.com.de\/en\/wp-json\/wp\/v2\/pages"}],"about":[{"href":"https:\/\/www.deezen.com.de\/en\/wp-json\/wp\/v2\/types\/page"}],"author":[{"embeddable":true,"href":"https:\/\/www.deezen.com.de\/en\/wp-json\/wp\/v2\/users\/1"}],"replies":[{"embeddable":true,"href":"https:\/\/www.deezen.com.de\/en\/wp-json\/wp\/v2\/comments?post=5379"}],"version-history":[{"count":20,"href":"https:\/\/www.deezen.com.de\/en\/wp-json\/wp\/v2\/pages\/5379\/revisions"}],"predecessor-version":[{"id":8224,"href":"https:\/\/www.deezen.com.de\/en\/wp-json\/wp\/v2\/pages\/5379\/revisions\/8224"}],"up":[{"embeddable":true,"href":"https:\/\/www.deezen.com.de\/en\/wp-json\/wp\/v2\/pages\/5337"}],"wp:attachment":[{"href":"https:\/\/www.deezen.com.de\/en\/wp-json\/wp\/v2\/media?parent=5379"}],"curies":[{"name":"wp","href":"https:\/\/api.w.org\/{rel}","templated":true}]}}